{"id":900,"date":"2019-08-20T20:39:49","date_gmt":"2019-08-20T19:39:49","guid":{"rendered":"https:\/\/reussite-sn.com\/?page_id=900"},"modified":"2019-08-20T20:39:49","modified_gmt":"2019-08-20T19:39:49","slug":"restriction","status":"publish","type":"page","link":"https:\/\/premiere.reussite-sn.com\/index.php\/restriction\/","title":{"rendered":"Restriction"},"content":{"rendered":"<div class=\"wpb-content-wrapper\"><p>[vc_row][vc_column width=\u00a0\u00bb1\/6&Prime;][vc_empty_space][\/vc_column][vc_column width=\u00a0\u00bb2\/3&Prime;][mpc_callout preset=\u00a0\u00bbmpc_preset_11&Prime; layout=\u00a0\u00bbstyle_6&Prime; title_font_preset=\u00a0\u00bbmpc_preset_17&Prime; title_font_color=\u00a0\u00bb#5b5b5b\u00a0\u00bb title_font_size=\u00a0\u00bb20&Prime; title_font_line_height=\u00a0\u00bb2&Prime; title_font_transform=\u00a0\u00bbuppercase\u00a0\u00bb title_font_align=\u00a0\u00bbcenter\u00a0\u00bb title=\u00a0\u00bbD\u00e9sol\u00e9, vous n\u2019avez pas l\u2019autorisation de voir cette Page!\u00a0\u00bb title_margin_divider=\u00a0\u00bbtrue\u00a0\u00bb title_margin_css=\u00a0\u00bbmargin-bottom:-10px;\u00a0\u00bb content_width=\u00a0\u00bb100&Prime; content_font_preset=\u00a0\u00bbmpc_preset_44&Prime; content_font_color=\u00a0\u00bb#888888&Prime; content_font_size=\u00a0\u00bb17&Prime; content_font_line_height=\u00a0\u00bb1.75&Prime; content_font_align=\u00a0\u00bbcenter\u00a0\u00bb content_margin_divider=\u00a0\u00bbtrue\u00a0\u00bb icon=\u00a0\u00bbel el-minus-sign\u00a0\u00bb icon_color=\u00a0\u00bb#e83e4c\u00a0\u00bb icon_size=\u00a0\u00bb50&Prime; icon_margin_divider=\u00a0\u00bbtrue\u00a0\u00bb background_color=\u00a0\u00bb#f7f7f7&Prime; border_divider=\u00a0\u00bbtrue\u00a0\u00bb border_css=\u00a0\u00bbborder-top:10px;border-right:0px;border-bottom:10px;border-left:0px;border-color:#dd4252;border-style:solid;border-radius:0px;\u00a0\u00bb padding_divider=\u00a0\u00bbtrue\u00a0\u00bb padding_css=\u00a0\u00bbpadding-top:40px;padding-right:30px;padding-bottom:40px;padding-left:30px;\u00a0\u00bb mpc_button__disable=\u00a0\u00bbtrue\u00a0\u00bb mpc_button__url=\u00a0\u00bburl:http%3A%2F%2Freussite-sn.com%2F|title:Accueil||\u00a0\u00bb mpc_button__font_preset=\u00a0\u00bbmpc_preset_20&Prime; mpc_button__font_color=\u00a0\u00bb#6d6d6d\u00a0\u00bb mpc_button__font_size=\u00a0\u00bb16&Prime; mpc_button__font_transform=\u00a0\u00bbuppercase\u00a0\u00bb mpc_button__title=\u00a0\u00bbPAGE ACCUEIL\u00a0\u00bb mpc_button__border_css=\u00a0\u00bbborder-width:2px;border-color:#6d6d6d;border-style:solid;border-radius:0px;\u00a0\u00bb mpc_button__padding_divider=\u00a0\u00bbtrue\u00a0\u00bb mpc_button__padding_css=\u00a0\u00bbpadding-top:12px;padding-right:30px;padding-bottom:12px;padding-left:30px;\u00a0\u00bb mpc_button__margin_divider=\u00a0\u00bbtrue\u00a0\u00bb mpc_button__hover_font_color=\u00a0\u00bb#f7f7f7&Prime; mpc_button__hover_background_color=\u00a0\u00bb#f29760&Prime; mpc_button__hover_background_effect=\u00a0\u00bbslide-top\u00a0\u00bb mpc_button__hover_border_css=\u00a0\u00bbborder-width:2px;border-color:#f29760;border-style:solid;\u00a0\u00bb mpc_divider__disable=\u00a0\u00bbtrue\u00a0\u00bb mpc_divider__width=\u00a0\u00bb10&Prime; mpc_divider__lines_color=\u00a0\u00bb#d8d8d8&Prime; mpc_divider__lines_weight=\u00a0\u00bb2&Prime; mpc_divider__margin_divider=\u00a0\u00bbtrue\u00a0\u00bb mpc_divider__margin_css=\u00a0\u00bbmargin-top:-7px;margin-bottom:13px;\u00a0\u00bb]il semble que vous essayer d&rsquo;utiliser un compte qui est destin\u00e9 \u00e0 un autre niveau d&rsquo;\u00e9tude,<\/p>\n<p>merci de revenir \u00e0 la page d&rsquo;accueil est de cliquer sur le niveau auquel vous avez souscrit[\/mpc_callout][\/vc_column][vc_column width=\u00a0\u00bb1\/6&Prime;][vc_empty_space][\/vc_column][\/vc_row]<\/p>\n<\/div>","protected":false},"excerpt":{"rendered":"<p>[vc_row][vc_column width=\u00a0\u00bb1\/6&Prime;][vc_empty_space][\/vc_column][vc_column width=\u00a0\u00bb2\/3&Prime;][mpc_callout preset=\u00a0\u00bbmpc_preset_11&Prime; layout=\u00a0\u00bbstyle_6&Prime; title_font_preset=\u00a0\u00bbmpc_preset_17&Prime; title_font_color=\u00a0\u00bb#5b5b5b\u00a0\u00bb title_font_size=\u00a0\u00bb20&Prime; title_font_line_height=\u00a0\u00bb2&Prime; title_font_transform=\u00a0\u00bbuppercase\u00a0\u00bb title_font_align=\u00a0\u00bbcenter\u00a0\u00bb title=\u00a0\u00bbD\u00e9sol\u00e9, vous n\u2019avez pas l\u2019autorisation de voir cette Page!\u00a0\u00bb title_margin_divider=\u00a0\u00bbtrue\u00a0\u00bb title_margin_css=\u00a0\u00bbmargin-bottom:-10px;\u00a0\u00bb content_width=\u00a0\u00bb100&Prime; content_font_preset=\u00a0\u00bbmpc_preset_44&Prime; content_font_color=\u00a0\u00bb#888888&Prime; content_font_size=\u00a0\u00bb17&Prime; content_font_line_height=\u00a0\u00bb1.75&Prime; content_font_align=\u00a0\u00bbcenter\u00a0\u00bb content_margin_divider=\u00a0\u00bbtrue\u00a0\u00bb icon=\u00a0\u00bbel el-minus-sign\u00a0\u00bb icon_color=\u00a0\u00bb#e83e4c\u00a0\u00bb icon_size=\u00a0\u00bb50&Prime; icon_margin_divider=\u00a0\u00bbtrue\u00a0\u00bb background_color=\u00a0\u00bb#f7f7f7&Prime; border_divider=\u00a0\u00bbtrue\u00a0\u00bb border_css=\u00a0\u00bbborder-top:10px;border-right:0px;border-bottom:10px;border-left:0px;border-color:#dd4252;border-style:solid;border-radius:0px;\u00a0\u00bb padding_divider=\u00a0\u00bbtrue\u00a0\u00bb padding_css=\u00a0\u00bbpadding-top:40px;padding-right:30px;padding-bottom:40px;padding-left:30px;\u00a0\u00bb mpc_button__disable=\u00a0\u00bbtrue\u00a0\u00bb mpc_button__url=\u00a0\u00bburl:http%3A%2F%2Freussite-sn.com%2F|title:Accueil||\u00a0\u00bb mpc_button__font_preset=\u00a0\u00bbmpc_preset_20&Prime; mpc_button__font_color=\u00a0\u00bb#6d6d6d\u00a0\u00bb mpc_button__font_size=\u00a0\u00bb16&Prime; mpc_button__font_transform=\u00a0\u00bbuppercase\u00a0\u00bb mpc_button__title=\u00a0\u00bbPAGE ACCUEIL\u00a0\u00bb mpc_button__border_css=\u00a0\u00bbborder-width:2px;border-color:#6d6d6d;border-style:solid;border-radius:0px;\u00a0\u00bb mpc_button__padding_divider=\u00a0\u00bbtrue\u00a0\u00bb mpc_button__padding_css=\u00a0\u00bbpadding-top:12px;padding-right:30px;padding-bottom:12px;padding-left:30px;\u00a0\u00bb mpc_button__margin_divider=\u00a0\u00bbtrue\u00a0\u00bb mpc_button__hover_font_color=\u00a0\u00bb#f7f7f7&Prime; mpc_button__hover_background_color=\u00a0\u00bb#f29760&Prime; mpc_button__hover_background_effect=\u00a0\u00bbslide-top\u00a0\u00bb mpc_button__hover_border_css=\u00a0\u00bbborder-width:2px;border-color:#f29760;border-style:solid;\u00a0\u00bb&#8230;<\/p>\n","protected":false},"author":1,"featured_media":0,"parent":0,"menu_order":0,"comment_status":"closed","ping_status":"closed","template":"","meta":{"footnotes":""},"class_list":["post-900","page","type-page","status-publish","hentry","page--item"],"_links":{"self":[{"href":"https:\/\/premiere.reussite-sn.com\/index.php\/wp-json\/wp\/v2\/pages\/900","targetHints":{"allow":["GET"]}}],"collection":[{"href":"https:\/\/premiere.reussite-sn.com\/index.php\/wp-json\/wp\/v2\/pages"}],"about":[{"href":"https:\/\/premiere.reussite-sn.com\/index.php\/wp-json\/wp\/v2\/types\/page"}],"author":[{"embeddable":true,"href":"https:\/\/premiere.reussite-sn.com\/index.php\/wp-json\/wp\/v2\/users\/1"}],"replies":[{"embeddable":true,"href":"https:\/\/premiere.reussite-sn.com\/index.php\/wp-json\/wp\/v2\/comments?post=900"}],"version-history":[{"count":0,"href":"https:\/\/premiere.reussite-sn.com\/index.php\/wp-json\/wp\/v2\/pages\/900\/revisions"}],"wp:attachment":[{"href":"https:\/\/premiere.reussite-sn.com\/index.php\/wp-json\/wp\/v2\/media?parent=900"}],"curies":[{"name":"wp","href":"https:\/\/api.w.org\/{rel}","templated":true}]}}