{"id":190808,"date":"2021-09-16T17:25:46","date_gmt":"2021-09-16T15:25:46","guid":{"rendered":"https:\/\/premiere.reussite-sn.com\/?page_id=190808"},"modified":"2023-03-20T20:10:07","modified_gmt":"2023-03-20T19:10:07","slug":"question-26-les-echanges-cellulaires","status":"publish","type":"page","link":"https:\/\/premiere.reussite-sn.com\/index.php\/question-26-les-echanges-cellulaires\/","title":{"rendered":"QUESTION-26-Les \u00e9changes cellulaires"},"content":{"rendered":"\t\t<div data-elementor-type=\"wp-post\" data-elementor-id=\"190808\" class=\"elementor elementor-190808\">\n\t\t\t\t\t\t<section class=\"elementor-section elementor-top-section elementor-element elementor-element-c20913f elementor-section-boxed elementor-section-height-default elementor-section-height-default\" data-id=\"c20913f\" data-element_type=\"section\" data-e-type=\"section\" data-settings=\"{&quot;ekit_has_onepagescroll_dot&quot;:&quot;yes&quot;}\">\n\t\t\t\t\t\t<div class=\"elementor-container elementor-column-gap-default\">\n\t\t\t\t\t<div class=\"elementor-column elementor-col-100 elementor-top-column elementor-element elementor-element-44482b3\" data-id=\"44482b3\" data-element_type=\"column\" data-e-type=\"column\">\n\t\t\t<div class=\"elementor-widget-wrap elementor-element-populated\">\n\t\t\t\t\t\t<div class=\"elementor-element elementor-element-5ceb063 elementor-widget elementor-widget-uael-modal-popup\" data-id=\"5ceb063\" data-element_type=\"widget\" data-e-type=\"widget\" data-settings=\"{&quot;ekit_we_effect_on&quot;:&quot;none&quot;}\" data-widget_type=\"uael-modal-popup.default\">\n\t\t\t\t\t\t<div class=\"elementor-widget-container\">\n\t\t\t\t\t<div id=\"5ceb063-overlay\" data-trigger-on=\"button\" data-close-on-esc=\"no\" data-close-on-overlay=\"no\" data-exit-intent=\"no\" data-after-sec=\"no\" data-after-sec-val=\"1\" data-cookies=\"no\" data-cookies-days=\"1\" data-cookies-type=\"default\" data-custom=\"\" data-custom-id=\"\" data-content=\"content\" data-autoplay=\"no\" data-device=\"false\" data-async=\"\" class=\"uael-modal-parent-wrapper uael-module-content uamodal-5ceb063 uael-aspect-ratio-16_9 -popup\">\n\t<div id=\"modal-5ceb063\" class=\"uael-modal uael-center-modal uael-modal-custom uael-modal-content uael-effect-1   uael-aspect-ratio-16_9\">\n\t\t<div class=\"uael-content\">\n\t\t\t\t\t\t<div class=\"uael-modal-title-wrap\">\n\t\t\t\t<h3 class=\"uael-modal-title elementor-inline-editing\" data-elementor-setting-key=\"title\" data-elementor-inline-editing-toolbar=\"basic\">QUESTION-26-Les \u00e9changes cellulaires<\/h3>\n\t\t\t<\/div>\n\t\t\t\t\t\t<div class=\"uael-modal-text uael-modal-content-data clearfix\">\n\t\t\t<div class=\"uael-text-editor elementor-inline-editing\" data-elementor-setting-key=\"ct_content\" data-elementor-inline-editing-toolbar=\"advanced\"><h2 style=\"text-align: center;\"><strong>Qui suis-je ?<\/strong><\/h2>\n<h2 style=\"text-align: center;\">Je suis un ph\u00e9nom\u00e8ne caract\u00e9ris\u00e9 par un gain d\u2019eau par des cellules plac\u00e9es en milieu hypotonique.<\/h2>\n<hr \/>\n<h2 style=\"text-align: center;\"><span style=\"color: #008000;\">Turgescence<\/span><\/h2>\n<p style=\"text-align: center;\"><a href=\"https:\/\/premiere.reussite-sn.com\/index.php\/liste-questions-premiere-s-svt-la-biologie-cellulaire\/\"><span style=\"color: #ff0000;\"><strong>RETOUR AUX QUESTIONS<\/strong><\/span><\/a><\/p>\n<\/div>\t\t\t<\/div>\n\t\t<\/div>\n\t<\/div>\n\n\t\n\t\t<span class=\"uael-modal-close uael-close-icon elementor-clickable uael-close-custom-top-right\" >\n\t\t<i aria-hidden=\"true\" class=\"fas fa-times\"><\/i>\t\t<\/span>\n\t\t\t<div class=\"uael-overlay\"><\/div>\n<\/div>\n\n<div class=\"uael-modal-action-wrap\">\n\t\t\t<div class=\"uael-button-wrapper elementor-button-wrapper elementor-align-center\">\n\t\t\t<a href=\"javascript:void(0);\" class=\"uael-trigger elementor-button-link elementor-button elementor-clickable elementor-size-lg\" data-modal=\"5ceb063\">\n\t\t\t\t\t\t<span class=\"elementor-button-content-wrapper\">\n\n\t\t\t\t\t\t\t\t\t\t\t\t<span class=\"elementor-align-icon- elementor-button-icon\">\n\t\t\t\t\t\t\t\t\t\t\t<\/span>\n\t\t\t\t\t\t\t\t\t\t\t<span class=\"elementor-button-text elementor-inline-editing\" data-elementor-setting-key=\"btn_text\" data-elementor-inline-editing-toolbar=\"none\" >Afficher la r\u00e9ponse<\/span>\n\t\t<\/span>\n\t\t\t\t\t<\/a>\n\t\t<\/div>\n\t\t<\/div>\n\t\t\t\t<\/div>\n\t\t\t\t<\/div>\n\t\t\t\t\t<\/div>\n\t\t<\/div>\n\t\t\t\t\t<\/div>\n\t\t<\/section>\n\t\t\t\t<section class=\"elementor-section elementor-top-section elementor-element elementor-element-d2441a5 elementor-section-boxed elementor-section-height-default elementor-section-height-default\" data-id=\"d2441a5\" data-element_type=\"section\" data-e-type=\"section\" data-settings=\"{&quot;ekit_has_onepagescroll_dot&quot;:&quot;yes&quot;}\">\n\t\t\t\t\t\t<div class=\"elementor-container elementor-column-gap-default\">\n\t\t\t\t\t<div class=\"elementor-column elementor-col-33 elementor-top-column elementor-element elementor-element-a142b47\" data-id=\"a142b47\" data-element_type=\"column\" data-e-type=\"column\">\n\t\t\t<div class=\"elementor-widget-wrap elementor-element-populated\">\n\t\t\t\t\t\t<div class=\"elementor-element elementor-element-7e8c7ce elementor-button-info elementor-mobile-align-center elementor-widget elementor-widget-button\" data-id=\"7e8c7ce\" data-element_type=\"widget\" data-e-type=\"widget\" data-settings=\"{&quot;ekit_we_effect_on&quot;:&quot;none&quot;}\" data-widget_type=\"button.default\">\n\t\t\t\t\t\t<div class=\"elementor-widget-container\">\n\t\t\t\t\t\t\t\t\t<div class=\"elementor-button-wrapper\">\n\t\t\t\t\t<a class=\"elementor-button elementor-button-link elementor-size-xs\" href=\"https:\/\/premiere.reussite-sn.com\/index.php\/liste-questions-premiere-s-svt-la-biologie-cellulaire\/\">\n\t\t\t\t\t\t<span class=\"elementor-button-content-wrapper\">\n\t\t\t\t\t\t\t\t\t<span class=\"elementor-button-text\">Retour aux Questions<\/span>\n\t\t\t\t\t<\/span>\n\t\t\t\t\t<\/a>\n\t\t\t\t<\/div>\n\t\t\t\t\t\t\t\t<\/div>\n\t\t\t\t<\/div>\n\t\t\t\t\t<\/div>\n\t\t<\/div>\n\t\t\t\t<div class=\"elementor-column elementor-col-33 elementor-top-column elementor-element elementor-element-8c83759\" data-id=\"8c83759\" data-element_type=\"column\" data-e-type=\"column\">\n\t\t\t<div class=\"elementor-widget-wrap elementor-element-populated\">\n\t\t\t\t\t\t<div class=\"elementor-element elementor-element-624993a elementor-button-info elementor-mobile-align-center elementor-widget elementor-widget-button\" data-id=\"624993a\" data-element_type=\"widget\" data-e-type=\"widget\" data-settings=\"{&quot;ekit_we_effect_on&quot;:&quot;none&quot;}\" data-widget_type=\"button.default\">\n\t\t\t\t\t\t<div class=\"elementor-widget-container\">\n\t\t\t\t\t\t\t\t\t<div class=\"elementor-button-wrapper\">\n\t\t\t\t\t<a class=\"elementor-button elementor-button-link elementor-size-xs\" href=\"https:\/\/premiere.reussite-sn.com\/index.php\/chapitres-svt-premiere-s\/\">\n\t\t\t\t\t\t<span class=\"elementor-button-content-wrapper\">\n\t\t\t\t\t\t\t\t\t<span class=\"elementor-button-text\">Retour aux Chapitres<\/span>\n\t\t\t\t\t<\/span>\n\t\t\t\t\t<\/a>\n\t\t\t\t<\/div>\n\t\t\t\t\t\t\t\t<\/div>\n\t\t\t\t<\/div>\n\t\t\t\t\t<\/div>\n\t\t<\/div>\n\t\t\t\t<div class=\"elementor-column elementor-col-33 elementor-top-column elementor-element elementor-element-a93a919\" data-id=\"a93a919\" data-element_type=\"column\" data-e-type=\"column\">\n\t\t\t<div class=\"elementor-widget-wrap elementor-element-populated\">\n\t\t\t\t\t\t<div class=\"elementor-element elementor-element-3c398ec elementor-button-info elementor-mobile-align-center elementor-widget elementor-widget-button\" data-id=\"3c398ec\" data-element_type=\"widget\" data-e-type=\"widget\" data-settings=\"{&quot;ekit_we_effect_on&quot;:&quot;none&quot;}\" data-widget_type=\"button.default\">\n\t\t\t\t\t\t<div class=\"elementor-widget-container\">\n\t\t\t\t\t\t\t\t\t<div class=\"elementor-button-wrapper\">\n\t\t\t\t\t<a class=\"elementor-button elementor-button-link elementor-size-xs\" href=\"https:\/\/premiere.reussite-sn.com\/index.php\/matieres-premiere-s\/\">\n\t\t\t\t\t\t<span class=\"elementor-button-content-wrapper\">\n\t\t\t\t\t\t\t\t\t<span class=\"elementor-button-text\">Retour aux Mati\u00e8res<\/span>\n\t\t\t\t\t<\/span>\n\t\t\t\t\t<\/a>\n\t\t\t\t<\/div>\n\t\t\t\t\t\t\t\t<\/div>\n\t\t\t\t<\/div>\n\t\t\t\t\t<\/div>\n\t\t<\/div>\n\t\t\t\t\t<\/div>\n\t\t<\/section>\n\t\t\t\t<\/div>\n\t\t","protected":false},"excerpt":{"rendered":"<p>QUESTION 26 Qui suis-je ? Je suis un ph\u00e9nom\u00e8ne caract\u00e9ris\u00e9 par un gain d\u2019eau par des cellules plac\u00e9es en milieu hypotonique. QUESTION-26-Les \u00e9changes cellulaires Qui suis-je ? Je suis un ph\u00e9nom\u00e8ne caract\u00e9ris\u00e9 par un gain d\u2019eau par des cellules plac\u00e9es en milieu hypotonique. Turgescence RETOUR AUX QUESTIONS Afficher la r\u00e9ponse Retour aux Questions Retour aux&#8230;<\/p>\n","protected":false},"author":6,"featured_media":0,"parent":0,"menu_order":0,"comment_status":"closed","ping_status":"closed","template":"","meta":{"footnotes":""},"class_list":["post-190808","page","type-page","status-publish","hentry","page--item"],"_links":{"self":[{"href":"https:\/\/premiere.reussite-sn.com\/index.php\/wp-json\/wp\/v2\/pages\/190808","targetHints":{"allow":["GET"]}}],"collection":[{"href":"https:\/\/premiere.reussite-sn.com\/index.php\/wp-json\/wp\/v2\/pages"}],"about":[{"href":"https:\/\/premiere.reussite-sn.com\/index.php\/wp-json\/wp\/v2\/types\/page"}],"author":[{"embeddable":true,"href":"https:\/\/premiere.reussite-sn.com\/index.php\/wp-json\/wp\/v2\/users\/6"}],"replies":[{"embeddable":true,"href":"https:\/\/premiere.reussite-sn.com\/index.php\/wp-json\/wp\/v2\/comments?post=190808"}],"version-history":[{"count":6,"href":"https:\/\/premiere.reussite-sn.com\/index.php\/wp-json\/wp\/v2\/pages\/190808\/revisions"}],"predecessor-version":[{"id":244927,"href":"https:\/\/premiere.reussite-sn.com\/index.php\/wp-json\/wp\/v2\/pages\/190808\/revisions\/244927"}],"wp:attachment":[{"href":"https:\/\/premiere.reussite-sn.com\/index.php\/wp-json\/wp\/v2\/media?parent=190808"}],"curies":[{"name":"wp","href":"https:\/\/api.w.org\/{rel}","templated":true}]}}